{"id":2145,"date":"2023-12-20T11:58:53","date_gmt":"2023-12-20T10:58:53","guid":{"rendered":"https:\/\/jostkobusch.de\/akademie-copy\/"},"modified":"2023-12-20T12:03:14","modified_gmt":"2023-12-20T11:03:14","slug":"buch","status":"publish","type":"page","link":"https:\/\/jostkobusch.de\/en\/buch\/","title":{"rendered":"Buch"},"content":{"rendered":"<div data-elementor-type=\"wp-page\" data-elementor-id=\"2145\" class=\"elementor elementor-2145\" data-elementor-post-type=\"page\">\n\t\t\t\t<div class=\"elementor-element elementor-element-60fec09 e-flex e-con-boxed e-con e-parent\" data-id=\"60fec09\" data-element_type=\"container\" data-e-type=\"container\" data-settings=\"{&quot;background_background&quot;:&quot;classic&quot;}\">\n\t\t\t\t\t<div class=\"e-con-inner\">\n\t\t<div class=\"elementor-element elementor-element-78e63f8 e-flex e-con-boxed e-con e-child\" data-id=\"78e63f8\" data-element_type=\"container\" data-e-type=\"container\">\n\t\t\t\t\t<div class=\"e-con-inner\">\n\t\t\t\t<div class=\"elementor-element elementor-element-eeefb0c elementor-widget elementor-widget-text-editor\" data-id=\"eeefb0c\" data-element_type=\"widget\" data-e-type=\"widget\" data-widget_type=\"text-editor.default\">\n\t\t\t\t<div class=\"elementor-widget-container\">\n\t\t\t\t\t\t\t\t\t<div class=\"gmail-mb-4\"><b>M\u00f6chtest du ein Signiertes Buch f\u00fcr dich oder als Geschenk? Bestell jetzt!\u00a0<\/b><\/div><div class=\"gmail-mb-4\">Bestell jetzt und lass dich von meiner Transformation inspirieren.\u00a0<\/div>\t\t\t\t\t\t\t\t<\/div>\n\t\t\t\t<\/div>\n\t\t\t\t<div class=\"elementor-element elementor-element-ae440c8 elementor-align-center elementor-widget elementor-widget-button\" data-id=\"ae440c8\" data-element_type=\"widget\" data-e-type=\"widget\" data-widget_type=\"button.default\">\n\t\t\t\t<div class=\"elementor-widget-container\">\n\t\t\t\t\t\t\t\t\t<div class=\"elementor-button-wrapper\">\n\t\t\t\t\t<a class=\"elementor-button elementor-button-link elementor-size-md\" href=\"https:\/\/jostkobusch.de\/en\/kontakt\/\">\n\t\t\t\t\t\t<span class=\"elementor-button-content-wrapper\">\n\t\t\t\t\t\t\t\t\t<span class=\"elementor-button-text\">JETZT BESTELLEN<\/span>\n\t\t\t\t\t<\/span>\n\t\t\t\t\t<\/a>\n\t\t\t\t<\/div>\n\t\t\t\t\t\t\t\t<\/div>\n\t\t\t\t<\/div>\n\t\t\t\t\t<\/div>\n\t\t\t\t<\/div>\n\t\t\t\t\t<\/div>\n\t\t\t\t<\/div>\n\t\t<div class=\"elementor-element elementor-element-e1e6058 e-flex e-con-boxed e-con e-parent\" data-id=\"e1e6058\" data-element_type=\"container\" data-e-type=\"container\" data-settings=\"{&quot;background_background&quot;:&quot;classic&quot;}\">\n\t\t\t\t\t<div class=\"e-con-inner\">\n\t\t<div class=\"elementor-element elementor-element-189d700 e-flex e-con-boxed e-con e-child\" data-id=\"189d700\" data-element_type=\"container\" data-e-type=\"container\">\n\t\t\t\t\t<div class=\"e-con-inner\">\n\t\t\t\t<div class=\"elementor-element elementor-element-8966866 elementor-widget elementor-widget-heading\" data-id=\"8966866\" data-element_type=\"widget\" data-e-type=\"widget\" data-widget_type=\"heading.default\">\n\t\t\t\t<div class=\"elementor-widget-container\">\n\t\t\t\t\t<h2 class=\"elementor-heading-title elementor-size-default\">Das Buch von Jost Kobusch<br>\nIch oben allein: Vom \u00dcberleben eines jungen Solo-Bergsteigers<\/h2>\t\t\t\t<\/div>\n\t\t\t\t<\/div>\n\t\t\t\t<div class=\"elementor-element elementor-element-8406bef elementor-widget elementor-widget-text-editor\" data-id=\"8406bef\" data-element_type=\"widget\" data-e-type=\"widget\" data-widget_type=\"text-editor.default\">\n\t\t\t\t<div class=\"elementor-widget-container\">\n\t\t\t\t\t\t\t\t\t<p>Auf 8000 Metern. Ohne Sauerstoff. Ohne fremde Hilfe. Und jeder Fehler kann dich<br \/>das Leben kosten.<\/p><p>Der Boden bebt. Menschen rennen. Eine gewaltige wei\u00dfe Wolke geht auf sie nieder. Es ist der 25. April 2015, als das Everest Base Camp von einer Lawine getroffen wird und von einem Augenblick auf den anderen 18 Leben ausl\u00f6scht. Der damals 22-j\u00e4hrige Solo-Bergsteiger Jost Kobusch hat diese dramatische Szene wagemutig mit seiner Handykamera festgehalten. Sein Video wurde auf YouTube \u00fcber 23 Millionen Mal angeklickt und sogar in der \u201cTagesschau\u201d gezeigt.<\/p><p>Aufgewachsen im Norden Deutschlands, weit entfernt von irgendwelchen Bergen, begeistert sich Jost schon von Kindheit an f\u00fcr das Klettern. Mit seiner Free-Solo-Besteigung der 6812 Meter hohen Ama Dablam in Nepal knackte er mit nur 21 Jahren einen Weltrekord. Im Fr\u00fchjahr 2016 bezwang er schlie\u00dflich den 8091 Meter hohen Annapurna-Gipfel im Himalaya.<br \/>In seinem Buch erz\u00e4hlt der Star der jungen Solo-Bergsteiger-Szene unterhaltsam und pointiert, warum es ihn immer wieder nach oben zieht, er auf Sauerstoff und fremde Hilfe verzichtet und ihn Angst zu immer neuen Spitzenleistungen antreibt. Au\u00dferdem verr\u00e4t er, warum er immer eine Cola mit im Gep\u00e4ck hat und es nichts Sch\u00f6neres gibt, als auf einem Achttausender Schach zu spielen.<\/p><p>(Klappentext Buch Jost Kobusch \u2013 Ich Oben Allein)<\/p>\t\t\t\t\t\t\t\t<\/div>\n\t\t\t\t<\/div>\n\t\t\t\t<div class=\"elementor-element elementor-element-484a99f elementor-widget elementor-widget-text-editor\" data-id=\"484a99f\" data-element_type=\"widget\" data-e-type=\"widget\" data-widget_type=\"text-editor.default\">\n\t\t\t\t<div class=\"elementor-widget-container\">\n\t\t\t\t\t\t\t\t\t<div class=\"gmail-mb-4\"><b>M\u00f6chtest du ein Signiertes Buch f\u00fcr dich oder als Geschenk? Bestell jetzt!\u00a0<\/b><\/div><div class=\"gmail-mb-4\">\u201cWar ich etwa zu ehrlich gewesen? Aber wenn schon, was k\u00f6nnte den inspirierender sein als die Wahrheit.\u201d<\/div>\t\t\t\t\t\t\t\t<\/div>\n\t\t\t\t<\/div>\n\t\t\t\t<div class=\"elementor-element elementor-element-c22bf3b elementor-align-center elementor-widget elementor-widget-button\" data-id=\"c22bf3b\" data-element_type=\"widget\" data-e-type=\"widget\" data-widget_type=\"button.default\">\n\t\t\t\t<div class=\"elementor-widget-container\">\n\t\t\t\t\t\t\t\t\t<div class=\"elementor-button-wrapper\">\n\t\t\t\t\t<a class=\"elementor-button elementor-button-link elementor-size-md\" href=\"https:\/\/jostkobusch.de\/en\/kontakt\/\">\n\t\t\t\t\t\t<span class=\"elementor-button-content-wrapper\">\n\t\t\t\t\t\t\t\t\t<span class=\"elementor-button-text\">JETZT BESTELLEN<\/span>\n\t\t\t\t\t<\/span>\n\t\t\t\t\t<\/a>\n\t\t\t\t<\/div>\n\t\t\t\t\t\t\t\t<\/div>\n\t\t\t\t<\/div>\n\t\t\t\t<div class=\"elementor-element elementor-element-1561449 elementor-widget elementor-widget-spacer\" data-id=\"1561449\" data-element_type=\"widget\" data-e-type=\"widget\" data-widget_type=\"spacer.default\">\n\t\t\t\t<div class=\"elementor-widget-container\">\n\t\t\t\t\t\t\t<div class=\"elementor-spacer\">\n\t\t\t<div class=\"elementor-spacer-inner\"><\/div>\n\t\t<\/div>\n\t\t\t\t\t\t<\/div>\n\t\t\t\t<\/div>\n\t\t\t\t<div class=\"elementor-element elementor-element-b7ca42d elementor-widget elementor-widget-image\" data-id=\"b7ca42d\" data-element_type=\"widget\" data-e-type=\"widget\" data-widget_type=\"image.default\">\n\t\t\t\t<div class=\"elementor-widget-container\">\n\t\t\t\t\t\t\t\t\t\t\t\t\t\t\t\t<a href=\"https:\/\/www.amazon.de\/Ich-oben-allein-%C3%9Cberleben-Solo-Bergsteigers-ebook\/dp\/B01MSNLRHE\" target=\"_blank\">\n\t\t\t\t\t\t\t<img fetchpriority=\"high\" decoding=\"async\" width=\"722\" height=\"1024\" src=\"https:\/\/jostkobusch.de\/wp-content\/uploads\/2023\/12\/jost-kobusch-buch-ich-oben-allein-722x1024-1.jpg\" class=\"attachment-full size-full wp-image-2150\" alt=\"\" srcset=\"https:\/\/jostkobusch.de\/wp-content\/uploads\/2023\/12\/jost-kobusch-buch-ich-oben-allein-722x1024-1.jpg 722w, https:\/\/jostkobusch.de\/wp-content\/uploads\/2023\/12\/jost-kobusch-buch-ich-oben-allein-722x1024-1-212x300.jpg 212w\" sizes=\"(max-width: 722px) 100vw, 722px\" \/>\t\t\t\t\t\t\t\t<\/a>\n\t\t\t\t\t\t\t\t\t\t\t\t\t\t\t<\/div>\n\t\t\t\t<\/div>\n\t\t\t\t\t<\/div>\n\t\t\t\t<\/div>\n\t\t\t\t\t<\/div>\n\t\t\t\t<\/div>\n\t\t\t\t<\/div>","protected":false},"excerpt":{"rendered":"<p>M\u00f6chtest du ein Signiertes Buch f\u00fcr dich oder als Geschenk? Bestell jetzt!\u00a0Bestell jetzt und lass dich von meiner Transformation inspirieren.\u00a0 JETZT BESTELLEN Das Buch von Jost Kobusch Ich oben allein: Vom \u00dcberleben eines jungen Solo-Bergsteigers Auf 8000 Metern. Ohne Sauerstoff. Ohne fremde Hilfe. Und jeder Fehler kann dichdas Leben kosten. Der Boden bebt. Menschen rennen. [&hellip;]<\/p>\n","protected":false},"author":1,"featured_media":0,"parent":0,"menu_order":0,"comment_status":"closed","ping_status":"closed","template":"elementor_header_footer","meta":{"_acf_changed":false,"footnotes":""},"class_list":["post-2145","page","type-page","status-publish","hentry"],"acf":[],"_links":{"self":[{"href":"https:\/\/jostkobusch.de\/en\/wp-json\/wp\/v2\/pages\/2145","targetHints":{"allow":["GET"]}}],"collection":[{"href":"https:\/\/jostkobusch.de\/en\/wp-json\/wp\/v2\/pages"}],"about":[{"href":"https:\/\/jostkobusch.de\/en\/wp-json\/wp\/v2\/types\/page"}],"author":[{"embeddable":true,"href":"https:\/\/jostkobusch.de\/en\/wp-json\/wp\/v2\/users\/1"}],"replies":[{"embeddable":true,"href":"https:\/\/jostkobusch.de\/en\/wp-json\/wp\/v2\/comments?post=2145"}],"version-history":[{"count":10,"href":"https:\/\/jostkobusch.de\/en\/wp-json\/wp\/v2\/pages\/2145\/revisions"}],"predecessor-version":[{"id":2156,"href":"https:\/\/jostkobusch.de\/en\/wp-json\/wp\/v2\/pages\/2145\/revisions\/2156"}],"wp:attachment":[{"href":"https:\/\/jostkobusch.de\/en\/wp-json\/wp\/v2\/media?parent=2145"}],"curies":[{"name":"wp","href":"https:\/\/api.w.org\/{rel}","templated":true}]}}